{"id":1582,"date":"2022-05-04T18:00:50","date_gmt":"2022-05-04T18:00:50","guid":{"rendered":"https:\/\/satics.com.mx\/?page_id=1582"},"modified":"2022-06-08T18:07:24","modified_gmt":"2022-06-08T18:07:24","slug":"fibra-optica-2","status":"publish","type":"page","link":"https:\/\/satics.com.mx\/?page_id=1582","title":{"rendered":"Fibra \u00f3ptica"},"content":{"rendered":"\t\t<div data-elementor-type=\"wp-page\" data-elementor-id=\"1582\" class=\"elementor elementor-1582\">\n\t\t\t\t\t\t\t\t\t<section class=\"elementor-section elementor-top-section elementor-element elementor-element-212a766 elementor-section-boxed elementor-section-height-default elementor-section-height-default\" data-id=\"212a766\" data-element_type=\"section\">\n\t\t\t\t\t\t<div class=\"elementor-container elementor-column-gap-default\">\n\t\t\t\t\t<div class=\"elementor-column elementor-col-100 elementor-top-column elementor-element elementor-element-1bdcc5e\" data-id=\"1bdcc5e\" data-element_type=\"column\">\n\t\t\t<div class=\"elementor-widget-wrap\">\n\t\t\t\t\t\t\t\t\t<\/div>\n\t\t<\/div>\n\t\t\t\t\t\t\t<\/div>\n\t\t<\/section>\n\t\t\t\t<section class=\"elementor-section elementor-top-section elementor-element elementor-element-433755b2 animated-slow elementor-section-boxed elementor-section-height-default elementor-section-height-default elementor-invisible\" data-id=\"433755b2\" data-element_type=\"section\" data-settings=\"{&quot;background_background&quot;:&quot;classic&quot;,&quot;animation&quot;:&quot;fadeIn&quot;}\">\n\t\t\t\t\t\t\t<div class=\"elementor-background-overlay\"><\/div>\n\t\t\t\t\t\t\t<div class=\"elementor-container elementor-column-gap-no\">\n\t\t\t\t\t<div class=\"elementor-column elementor-col-100 elementor-top-column elementor-element elementor-element-6c26031\" data-id=\"6c26031\" data-element_type=\"column\">\n\t\t\t<div class=\"elementor-widget-wrap\">\n\t\t\t\t\t\t\t\t\t<\/div>\n\t\t<\/div>\n\t\t\t\t\t\t\t<\/div>\n\t\t<\/section>\n\t\t\t\t<section class=\"elementor-section elementor-top-section elementor-element elementor-element-77c8a1c7 elementor-section-boxed elementor-section-height-default elementor-section-height-default\" data-id=\"77c8a1c7\" data-element_type=\"section\" data-settings=\"{&quot;background_background&quot;:&quot;classic&quot;}\">\n\t\t\t\t\t\t<div class=\"elementor-container elementor-column-gap-default\">\n\t\t\t\t\t<div class=\"elementor-column elementor-col-50 elementor-top-column elementor-element elementor-element-66559da3\" data-id=\"66559da3\" data-element_type=\"column\">\n\t\t\t<div class=\"elementor-widget-wrap elementor-element-populated\">\n\t\t\t\t\t\t\t\t<div class=\"elementor-element elementor-element-dbfb86f elementor-widget elementor-widget-spacer\" data-id=\"dbfb86f\" data-element_type=\"widget\" data-widget_type=\"spacer.default\">\n\t\t\t\t<div class=\"elementor-widget-container\">\n\t\t\t<style>\/*! elementor - v3.6.5 - 27-04-2022 *\/\n.e-container.e-container--row .elementor-spacer-inner{width:var(--spacer-size)}.e-container.e-container--column .elementor-spacer-inner,.elementor-column .elementor-spacer-inner{height:var(--spacer-size)}<\/style>\t\t<div class=\"elementor-spacer\">\n\t\t\t<div class=\"elementor-spacer-inner\"><\/div>\n\t\t<\/div>\n\t\t\t\t<\/div>\n\t\t\t\t<\/div>\n\t\t\t\t<div class=\"elementor-element elementor-element-6cc9980 elementor-widget elementor-widget-image\" data-id=\"6cc9980\" data-element_type=\"widget\" data-widget_type=\"image.default\">\n\t\t\t\t<div class=\"elementor-widget-container\">\n\t\t\t<style>\/*! elementor - v3.6.5 - 27-04-2022 *\/\n.elementor-widget-image{text-align:center}.elementor-widget-image a{display:inline-block}.elementor-widget-image a img[src$=\".svg\"]{width:48px}.elementor-widget-image img{vertical-align:middle;display:inline-block}<\/style>\t\t\t\t\t\t\t\t\t\t\t\t<img loading=\"lazy\" decoding=\"async\" width=\"997\" height=\"1024\" src=\"https:\/\/satics.com.mx\/wp-content\/uploads\/2022\/05\/Pasted-Graphic-20-e1651688196849-997x1024.png\" class=\"attachment-large size-large\" alt=\"\" srcset=\"https:\/\/satics.com.mx\/wp-content\/uploads\/2022\/05\/Pasted-Graphic-20-e1651688196849-997x1024.png 997w, https:\/\/satics.com.mx\/wp-content\/uploads\/2022\/05\/Pasted-Graphic-20-e1651688196849-292x300.png 292w, https:\/\/satics.com.mx\/wp-content\/uploads\/2022\/05\/Pasted-Graphic-20-e1651688196849-768x789.png 768w, https:\/\/satics.com.mx\/wp-content\/uploads\/2022\/05\/Pasted-Graphic-20-e1651688196849.png 1200w\" sizes=\"auto, (max-width: 997px) 100vw, 997px\" \/>\t\t\t\t\t\t\t\t\t\t\t\t\t\t\t<\/div>\n\t\t\t\t<\/div>\n\t\t\t\t<div class=\"elementor-element elementor-element-cdffc22 elementor-widget elementor-widget-spacer\" data-id=\"cdffc22\" data-element_type=\"widget\" data-widget_type=\"spacer.default\">\n\t\t\t\t<div class=\"elementor-widget-container\">\n\t\t\t\t\t<div class=\"elementor-spacer\">\n\t\t\t<div class=\"elementor-spacer-inner\"><\/div>\n\t\t<\/div>\n\t\t\t\t<\/div>\n\t\t\t\t<\/div>\n\t\t\t\t\t<\/div>\n\t\t<\/div>\n\t\t\t\t<div class=\"elementor-column elementor-col-50 elementor-top-column elementor-element elementor-element-36ec5983\" data-id=\"36ec5983\" data-element_type=\"column\">\n\t\t\t<div class=\"elementor-widget-wrap elementor-element-populated\">\n\t\t\t\t\t\t\t\t<div class=\"elementor-element elementor-element-6344d49 elementor-widget elementor-widget-spacer\" data-id=\"6344d49\" data-element_type=\"widget\" data-widget_type=\"spacer.default\">\n\t\t\t\t<div class=\"elementor-widget-container\">\n\t\t\t\t\t<div class=\"elementor-spacer\">\n\t\t\t<div class=\"elementor-spacer-inner\"><\/div>\n\t\t<\/div>\n\t\t\t\t<\/div>\n\t\t\t\t<\/div>\n\t\t\t\t<div class=\"elementor-element elementor-element-4bc158a2 elementor-widget elementor-widget-heading\" data-id=\"4bc158a2\" data-element_type=\"widget\" data-widget_type=\"heading.default\">\n\t\t\t\t<div class=\"elementor-widget-container\">\n\t\t\t<style>\/*! elementor - v3.6.5 - 27-04-2022 *\/\n.elementor-heading-title{padding:0;margin:0;line-height:1}.elementor-widget-heading .elementor-heading-title[class*=elementor-size-]>a{color:inherit;font-size:inherit;line-height:inherit}.elementor-widget-heading .elementor-heading-title.elementor-size-small{font-size:15px}.elementor-widget-heading .elementor-heading-title.elementor-size-medium{font-size:19px}.elementor-widget-heading .elementor-heading-title.elementor-size-large{font-size:29px}.elementor-widget-heading .elementor-heading-title.elementor-size-xl{font-size:39px}.elementor-widget-heading .elementor-heading-title.elementor-size-xxl{font-size:59px}<\/style><h1 class=\"elementor-heading-title elementor-size-default\">\u00bfQU\u00c9 ES LA FIBRA \u00d3PTICA?<\/h1>\t\t<\/div>\n\t\t\t\t<\/div>\n\t\t\t\t<div class=\"elementor-element elementor-element-add310c elementor-widget elementor-widget-text-editor\" data-id=\"add310c\" data-element_type=\"widget\" data-widget_type=\"text-editor.default\">\n\t\t\t\t<div class=\"elementor-widget-container\">\n\t\t\t<style>\/*! elementor - v3.6.5 - 27-04-2022 *\/\n.elementor-widget-text-editor.elementor-drop-cap-view-stacked .elementor-drop-cap{background-color:#818a91;color:#fff}.elementor-widget-text-editor.elementor-drop-cap-view-framed .elementor-drop-cap{color:#818a91;border:3px solid;background-color:transparent}.elementor-widget-text-editor:not(.elementor-drop-cap-view-default) .elementor-drop-cap{margin-top:8px}.elementor-widget-text-editor:not(.elementor-drop-cap-view-default) .elementor-drop-cap-letter{width:1em;height:1em}.elementor-widget-text-editor .elementor-drop-cap{float:left;text-align:center;line-height:1;font-size:50px}.elementor-widget-text-editor .elementor-drop-cap-letter{display:inline-block}<\/style>\t\t\t\t<p class=\"p1\">La fibra \u00f3ptica es un medio f\u00edsico de transmisi\u00f3n de informaci\u00f3n, usual en redes de datos y telecomunicaciones, que consiste en un filamento delgado de vidrio o de pl\u00e1stico, a trav\u00e9s del cual viajan pulsos de luz l\u00e1ser o led, en la cual se contienen los datos a transmitir,\u00a0es ideal para las telecomunicaciones por cable, permitiendo establecer redes inform\u00e1ticas locales y de largo alcance, con un m\u00ednimo de p\u00e9rdida de informaci\u00f3n en el camino.<\/p><p class=\"p1\">\u00a0<\/p><p class=\"p1\">\u00a0<\/p>\t\t\t\t\t\t<\/div>\n\t\t\t\t<\/div>\n\t\t\t\t\t<\/div>\n\t\t<\/div>\n\t\t\t\t\t\t\t<\/div>\n\t\t<\/section>\n\t\t\t\t<section class=\"elementor-section elementor-top-section elementor-element elementor-element-9c4012b elementor-section-boxed elementor-section-height-default elementor-section-height-default\" data-id=\"9c4012b\" data-element_type=\"section\" data-settings=\"{&quot;background_background&quot;:&quot;classic&quot;}\">\n\t\t\t\t\t\t<div class=\"elementor-container elementor-column-gap-default\">\n\t\t\t\t\t<div class=\"elementor-column elementor-col-50 elementor-top-column elementor-element elementor-element-8f2732e\" data-id=\"8f2732e\" data-element_type=\"column\">\n\t\t\t<div class=\"elementor-widget-wrap elementor-element-populated\">\n\t\t\t\t\t\t\t\t<div class=\"elementor-element elementor-element-7f5558b elementor-widget elementor-widget-spacer\" data-id=\"7f5558b\" data-element_type=\"widget\" data-widget_type=\"spacer.default\">\n\t\t\t\t<div class=\"elementor-widget-container\">\n\t\t\t\t\t<div class=\"elementor-spacer\">\n\t\t\t<div class=\"elementor-spacer-inner\"><\/div>\n\t\t<\/div>\n\t\t\t\t<\/div>\n\t\t\t\t<\/div>\n\t\t\t\t<div class=\"elementor-element elementor-element-7513ff9c elementor-widget elementor-widget-heading\" data-id=\"7513ff9c\" data-element_type=\"widget\" data-widget_type=\"heading.default\">\n\t\t\t\t<div class=\"elementor-widget-container\">\n\t\t\t<h1 class=\"elementor-heading-title elementor-size-default\">\u00bfDONDE SE UTILIZA LA FIBRA \u00d3PTICA?<\/h1>\t\t<\/div>\n\t\t\t\t<\/div>\n\t\t\t\t<div class=\"elementor-element elementor-element-feed89a elementor-widget elementor-widget-text-editor\" data-id=\"feed89a\" data-element_type=\"widget\" data-widget_type=\"text-editor.default\">\n\t\t\t\t<div class=\"elementor-widget-container\">\n\t\t\t\t\t\t\t<p class=\"p1\">La fibra \u00f3ptica es muy importante para las telecomunicaciones, ya que permite establecer redes inform\u00e1ticas locales y de largo alcance, con un m\u00ednimo de p\u00e9rdida de informaci\u00f3n.<\/p>\n<p class=\"p1\"><br><\/p><p class=\"p1\">La fibra \u00f3ptica puede tener varios usos como lo son:<\/p>\n<ul class=\"ul1\">\n<li class=\"li1\">Seguridad.<\/li>\n<li class=\"li1\">Industria militar.&nbsp;<\/li>\n<li class=\"li1\">Criptomonedas.<\/li>\n<li class=\"li1\">Medicina.<\/li>\n<li class=\"li1\">Sensores.<\/li>\n<li class=\"li1\">Decoraci\u00f3n.&nbsp;<\/li>\n<li class=\"li1\">Internet.<\/li>\n<\/ul>\n<p class=\"p1\">\n<\/p>\t\t\t\t\t\t<\/div>\n\t\t\t\t<\/div>\n\t\t\t\t<div class=\"elementor-element elementor-element-6deae7a elementor-widget elementor-widget-spacer\" data-id=\"6deae7a\" data-element_type=\"widget\" data-widget_type=\"spacer.default\">\n\t\t\t\t<div class=\"elementor-widget-container\">\n\t\t\t\t\t<div class=\"elementor-spacer\">\n\t\t\t<div class=\"elementor-spacer-inner\"><\/div>\n\t\t<\/div>\n\t\t\t\t<\/div>\n\t\t\t\t<\/div>\n\t\t\t\t\t<\/div>\n\t\t<\/div>\n\t\t\t\t<div class=\"elementor-column elementor-col-50 elementor-top-column elementor-element elementor-element-a33d256\" data-id=\"a33d256\" data-element_type=\"column\">\n\t\t\t<div class=\"elementor-widget-wrap elementor-element-populated\">\n\t\t\t\t\t\t\t\t<div class=\"elementor-element elementor-element-70ee918 elementor-widget elementor-widget-spacer\" data-id=\"70ee918\" data-element_type=\"widget\" data-widget_type=\"spacer.default\">\n\t\t\t\t<div class=\"elementor-widget-container\">\n\t\t\t\t\t<div class=\"elementor-spacer\">\n\t\t\t<div class=\"elementor-spacer-inner\"><\/div>\n\t\t<\/div>\n\t\t\t\t<\/div>\n\t\t\t\t<\/div>\n\t\t\t\t<div class=\"elementor-element elementor-element-ccef822 elementor-widget elementor-widget-image\" data-id=\"ccef822\" data-element_type=\"widget\" data-widget_type=\"image.default\">\n\t\t\t\t<div class=\"elementor-widget-container\">\n\t\t\t\t\t\t\t\t\t\t\t\t\t\t\t<img loading=\"lazy\" decoding=\"async\" width=\"1024\" height=\"768\" src=\"https:\/\/satics.com.mx\/wp-content\/uploads\/2022\/05\/Pasted-Graphic-31-1024x768.jpg\" class=\"attachment-large size-large\" alt=\"\" srcset=\"https:\/\/satics.com.mx\/wp-content\/uploads\/2022\/05\/Pasted-Graphic-31-1024x768.jpg 1024w, https:\/\/satics.com.mx\/wp-content\/uploads\/2022\/05\/Pasted-Graphic-31-300x225.jpg 300w, https:\/\/satics.com.mx\/wp-content\/uploads\/2022\/05\/Pasted-Graphic-31-768x576.jpg 768w, https:\/\/satics.com.mx\/wp-content\/uploads\/2022\/05\/Pasted-Graphic-31.jpg 1536w\" sizes=\"auto, (max-width: 1024px) 100vw, 1024px\" \/>\t\t\t\t\t\t\t\t\t\t\t\t\t\t\t<\/div>\n\t\t\t\t<\/div>\n\t\t\t\t<div class=\"elementor-element elementor-element-e762e05 elementor-widget elementor-widget-image\" data-id=\"e762e05\" data-element_type=\"widget\" data-widget_type=\"image.default\">\n\t\t\t\t<div class=\"elementor-widget-container\">\n\t\t\t\t\t\t\t\t\t\t\t\t\t\t\t<img loading=\"lazy\" decoding=\"async\" width=\"1024\" height=\"764\" src=\"https:\/\/satics.com.mx\/wp-content\/uploads\/2022\/04\/7-2-e1652891832691-1024x764.png\" class=\"attachment-large size-large\" alt=\"\" srcset=\"https:\/\/satics.com.mx\/wp-content\/uploads\/2022\/04\/7-2-e1652891832691-1024x764.png 1024w, https:\/\/satics.com.mx\/wp-content\/uploads\/2022\/04\/7-2-e1652891832691-300x224.png 300w, https:\/\/satics.com.mx\/wp-content\/uploads\/2022\/04\/7-2-e1652891832691-768x573.png 768w, https:\/\/satics.com.mx\/wp-content\/uploads\/2022\/04\/7-2-e1652891832691.png 1200w\" sizes=\"auto, (max-width: 1024px) 100vw, 1024px\" \/>\t\t\t\t\t\t\t\t\t\t\t\t\t\t\t<\/div>\n\t\t\t\t<\/div>\n\t\t\t\t<div class=\"elementor-element elementor-element-c476063 elementor-widget elementor-widget-spacer\" data-id=\"c476063\" data-element_type=\"widget\" data-widget_type=\"spacer.default\">\n\t\t\t\t<div class=\"elementor-widget-container\">\n\t\t\t\t\t<div class=\"elementor-spacer\">\n\t\t\t<div class=\"elementor-spacer-inner\"><\/div>\n\t\t<\/div>\n\t\t\t\t<\/div>\n\t\t\t\t<\/div>\n\t\t\t\t\t<\/div>\n\t\t<\/div>\n\t\t\t\t\t\t\t<\/div>\n\t\t<\/section>\n\t\t\t\t<section class=\"elementor-section elementor-top-section elementor-element elementor-element-49d84a42 elementor-section-boxed elementor-section-height-default elementor-section-height-default\" data-id=\"49d84a42\" data-element_type=\"section\" data-settings=\"{&quot;background_background&quot;:&quot;classic&quot;}\">\n\t\t\t\t\t\t<div class=\"elementor-container elementor-column-gap-default\">\n\t\t\t\t\t<div class=\"elementor-column elementor-col-50 elementor-top-column elementor-element elementor-element-5dd83f4f\" data-id=\"5dd83f4f\" data-element_type=\"column\">\n\t\t\t<div class=\"elementor-widget-wrap elementor-element-populated\">\n\t\t\t\t\t\t\t\t<div class=\"elementor-element elementor-element-ada662c elementor-widget elementor-widget-spacer\" data-id=\"ada662c\" data-element_type=\"widget\" data-widget_type=\"spacer.default\">\n\t\t\t\t<div class=\"elementor-widget-container\">\n\t\t\t\t\t<div class=\"elementor-spacer\">\n\t\t\t<div class=\"elementor-spacer-inner\"><\/div>\n\t\t<\/div>\n\t\t\t\t<\/div>\n\t\t\t\t<\/div>\n\t\t\t\t<div class=\"elementor-element elementor-element-5c7b0b2a elementor-widget elementor-widget-image\" data-id=\"5c7b0b2a\" data-element_type=\"widget\" data-widget_type=\"image.default\">\n\t\t\t\t<div class=\"elementor-widget-container\">\n\t\t\t\t\t\t\t\t\t\t\t\t\t\t\t<img loading=\"lazy\" decoding=\"async\" width=\"1021\" height=\"1024\" src=\"https:\/\/satics.com.mx\/wp-content\/uploads\/2022\/05\/PHOTO-2021-08-02-11-39-42-e1651688579267-1021x1024.jpg\" class=\"attachment-large size-large\" alt=\"\" srcset=\"https:\/\/satics.com.mx\/wp-content\/uploads\/2022\/05\/PHOTO-2021-08-02-11-39-42-e1651688579267-1021x1024.jpg 1021w, https:\/\/satics.com.mx\/wp-content\/uploads\/2022\/05\/PHOTO-2021-08-02-11-39-42-e1651688579267-300x300.jpg 300w, https:\/\/satics.com.mx\/wp-content\/uploads\/2022\/05\/PHOTO-2021-08-02-11-39-42-e1651688579267-150x150.jpg 150w, https:\/\/satics.com.mx\/wp-content\/uploads\/2022\/05\/PHOTO-2021-08-02-11-39-42-e1651688579267-768x771.jpg 768w, https:\/\/satics.com.mx\/wp-content\/uploads\/2022\/05\/PHOTO-2021-08-02-11-39-42-e1651688579267.jpg 1200w\" sizes=\"auto, (max-width: 1021px) 100vw, 1021px\" \/>\t\t\t\t\t\t\t\t\t\t\t\t\t\t\t<\/div>\n\t\t\t\t<\/div>\n\t\t\t\t<div class=\"elementor-element elementor-element-feaf144 elementor-widget elementor-widget-spacer\" data-id=\"feaf144\" data-element_type=\"widget\" data-widget_type=\"spacer.default\">\n\t\t\t\t<div class=\"elementor-widget-container\">\n\t\t\t\t\t<div class=\"elementor-spacer\">\n\t\t\t<div class=\"elementor-spacer-inner\"><\/div>\n\t\t<\/div>\n\t\t\t\t<\/div>\n\t\t\t\t<\/div>\n\t\t\t\t\t<\/div>\n\t\t<\/div>\n\t\t\t\t<div class=\"elementor-column elementor-col-50 elementor-top-column elementor-element elementor-element-35ae2ee7\" data-id=\"35ae2ee7\" data-element_type=\"column\">\n\t\t\t<div class=\"elementor-widget-wrap elementor-element-populated\">\n\t\t\t\t\t\t\t\t<div class=\"elementor-element elementor-element-18408fe elementor-widget elementor-widget-spacer\" data-id=\"18408fe\" data-element_type=\"widget\" data-widget_type=\"spacer.default\">\n\t\t\t\t<div class=\"elementor-widget-container\">\n\t\t\t\t\t<div class=\"elementor-spacer\">\n\t\t\t<div class=\"elementor-spacer-inner\"><\/div>\n\t\t<\/div>\n\t\t\t\t<\/div>\n\t\t\t\t<\/div>\n\t\t\t\t<div class=\"elementor-element elementor-element-3a7ea092 elementor-widget elementor-widget-heading\" data-id=\"3a7ea092\" data-element_type=\"widget\" data-widget_type=\"heading.default\">\n\t\t\t\t<div class=\"elementor-widget-container\">\n\t\t\t<h1 class=\"elementor-heading-title elementor-size-default\">VENTAJAS DE LA F\u00cdBRA \u00d3PTICA\n<\/h1>\t\t<\/div>\n\t\t\t\t<\/div>\n\t\t\t\t<div class=\"elementor-element elementor-element-37f8880e elementor-widget elementor-widget-text-editor\" data-id=\"37f8880e\" data-element_type=\"widget\" data-widget_type=\"text-editor.default\">\n\t\t\t\t<div class=\"elementor-widget-container\">\n\t\t\t\t\t\t\t<ul class=\"ul1\"><li class=\"li1\">M\u00e1s<b> resistencia:<\/b>\u00a0Tanto mec\u00e1nica como t\u00e9rmica, y resiste bien a la corrosi\u00f3n.<\/li><li class=\"li1\"><b>Es ecol\u00f3gica:<\/b>\u00a0En comparaci\u00f3n con los residuos dejados por el cableado convencional.<\/li><li class=\"li1\"><b>Inmune a interferencias electromagn\u00e9ticas<\/b><\/li><li class=\"li1\"><b>Veloz, eficaz y segura:\u00a0<\/b>La mejor forma de transmisi\u00f3n de datos por cable.<\/li><li class=\"li1\"><b>Es liviana: <\/b>Esta instalaci\u00f3n pesa ocho veces menos que un cable normal.<\/li><\/ul>\t\t\t\t\t\t<\/div>\n\t\t\t\t<\/div>\n\t\t\t\t\t<\/div>\n\t\t<\/div>\n\t\t\t\t\t\t\t<\/div>\n\t\t<\/section>\n\t\t\t\t\t\t\t<\/div>\n\t\t","protected":false},"excerpt":{"rendered":"<p>\u00bfQU\u00c9 ES LA FIBRA \u00d3PTICA? La fibra \u00f3ptica es un medio f\u00edsico de transmisi\u00f3n de informaci\u00f3n, usual en redes de datos y telecomunicaciones, que consiste en un filamento delgado de vidrio o de pl\u00e1stico, a trav\u00e9s del cual viajan pulsos de luz l\u00e1ser o led, en la cual se contienen los datos a transmitir,\u00a0es ideal [&hellip;]<\/p>\n","protected":false},"author":1,"featured_media":0,"parent":0,"menu_order":0,"comment_status":"closed","ping_status":"closed","template":"","meta":{"site-sidebar-layout":"no-sidebar","site-content-layout":"page-builder","ast-site-content-layout":"","site-content-style":"default","site-sidebar-style":"default","ast-global-header-display":"","ast-banner-title-visibility":"","ast-main-header-display":"","ast-hfb-above-header-display":"","ast-hfb-below-header-display":"","ast-hfb-mobile-header-display":"","site-post-title":"disabled","ast-breadcrumbs-content":"","ast-featured-img":"disabled","footer-sml-layout":"","theme-transparent-header-meta":"","adv-header-id-meta":"","stick-header-meta":"","header-above-stick-meta":"","header-main-stick-meta":"","header-below-stick-meta":"","astra-migrate-meta-layouts":"default","ast-page-background-enabled":"default","ast-page-background-meta":{"desktop":{"background-color":"","background-image":"","background-repeat":"repeat","background-position":"center center","background-size":"auto","background-attachment":"scroll","background-type":"","background-media":"","overlay-type":"","overlay-color":"","overlay-gradient":""},"tablet":{"background-color":"","background-image":"","background-repeat":"repeat","background-position":"center center","background-size":"auto","background-attachment":"scroll","background-type":"","background-media":"","overlay-type":"","overlay-color":"","overlay-gradient":""},"mobile":{"background-color":"","background-image":"","background-repeat":"repeat","background-position":"center center","background-size":"auto","background-attachment":"scroll","background-type":"","background-media":"","overlay-type":"","overlay-color":"","overlay-gradient":""}},"ast-content-background-meta":{"desktop":{"background-color":"var(--ast-global-color-5)","background-image":"","background-repeat":"repeat","background-position":"center center","background-size":"auto","background-attachment":"scroll","background-type":"","background-media":"","overlay-type":"","overlay-color":"","overlay-gradient":""},"tablet":{"background-color":"var(--ast-global-color-5)","background-image":"","background-repeat":"repeat","background-position":"center center","background-size":"auto","background-attachment":"scroll","background-type":"","background-media":"","overlay-type":"","overlay-color":"","overlay-gradient":""},"mobile":{"background-color":"var(--ast-global-color-5)","background-image":"","background-repeat":"repeat","background-position":"center center","background-size":"auto","background-attachment":"scroll","background-type":"","background-media":"","overlay-type":"","overlay-color":"","overlay-gradient":""}},"footnotes":""},"class_list":["post-1582","page","type-page","status-publish","hentry"],"_links":{"self":[{"href":"https:\/\/satics.com.mx\/index.php?rest_route=\/wp\/v2\/pages\/1582","targetHints":{"allow":["GET"]}}],"collection":[{"href":"https:\/\/satics.com.mx\/index.php?rest_route=\/wp\/v2\/pages"}],"about":[{"href":"https:\/\/satics.com.mx\/index.php?rest_route=\/wp\/v2\/types\/page"}],"author":[{"embeddable":true,"href":"https:\/\/satics.com.mx\/index.php?rest_route=\/wp\/v2\/users\/1"}],"replies":[{"embeddable":true,"href":"https:\/\/satics.com.mx\/index.php?rest_route=%2Fwp%2Fv2%2Fcomments&post=1582"}],"version-history":[{"count":37,"href":"https:\/\/satics.com.mx\/index.php?rest_route=\/wp\/v2\/pages\/1582\/revisions"}],"predecessor-version":[{"id":2035,"href":"https:\/\/satics.com.mx\/index.php?rest_route=\/wp\/v2\/pages\/1582\/revisions\/2035"}],"wp:attachment":[{"href":"https:\/\/satics.com.mx\/index.php?rest_route=%2Fwp%2Fv2%2Fmedia&parent=1582"}],"curies":[{"name":"wp","href":"https:\/\/api.w.org\/{rel}","templated":true}]}}